{"id":4036,"date":"2021-03-22T13:42:38","date_gmt":"2021-03-22T13:42:38","guid":{"rendered":"https:\/\/www.dieselplus.ro\/en\/?page_id=4036"},"modified":"2023-08-29T11:39:18","modified_gmt":"2023-08-29T11:39:18","slug":"home-new-2-2","status":"publish","type":"page","link":"https:\/\/www.dieselplus.ro\/en\/","title":{"rendered":"Home"},"content":{"rendered":"<p>[vc_row king_row_type=&#8221;container_full&#8221; king_id=&#8221;slider-wrap&#8221;][vc_column][vc_column_text]<div class=\"avt_masterslider_el \" >\n\t\t<!-- MasterSlider -->\n\t\t<div id=\"P_MS69fc6982ba33f\" class=\"master-slider-parent ms-parent-id-15\" style=\"max-width:1330px;\"  >\n\n\t\t\t\n\t\t\t<!-- MasterSlider Main -->\n\t\t\t<div id=\"MS69fc6982ba33f\" class=\"master-slider ms-skin-default\" >\n\t\t\t\t \t\t\t\t \n\t\t\t<div  class=\"ms-slide\" data-delay=\"4.8\" data-fill-mode=\"fill\"   >\n\t\t\t\t\t<img decoding=\"async\" src=\"https:\/\/www.dieselplus.ro\/wp-content\/plugins\/masterslider\/public\/assets\/css\/blank.gif\" alt=\"\" title=\"\" data-src=\"https:\/\/www.dieselplus.ro\/wp-content\/uploads\/2021\/05\/banner-sd.jpg\" \/>\n\n\t\t\t\t\t<div  class=\"ms-layer text1 center msp-cn-6-1\" style=\"width:500px;\"   data-effect=\"t(true,0,45,n,n,n,n,n,n,n,n,n,n,n,n)\" data-duration=\"2000\" data-delay=\"400\" data-ease=\"easeOutExpo\"                data-offset-x=\"59\" data-offset-y=\"62\" data-origin=\"ml\" data-position=\"normal\"  >\n<span class=\"white\">O companie <br \/>pe care v\u0103 <br \/>pute\u021bi baza <br \/>oric\u00e2nd,<br \/><strong>dedicat\u0103 <\/strong><br \/><strong>clien\u021bilor<br \/><\/strong><\/span><br \/><a class=\"button_slider\" href=\"#descopera\">Descoper\u0103<\/a><\/div>\n\n\n\t\t\t\t<\/div>\n\n\t\t\t<\/div>\n\t\t\t<!-- END MasterSlider Main -->\n\n\t\t\t \n\t\t<\/div>\n\t\t<!-- END MasterSlider -->\n\n\t\t<script>\n\t\t( window.MSReady = window.MSReady || [] ).push( function( $ ) {\n\n\t\t\t\"use strict\";\n\t\t\tvar masterslider_a33f = new MasterSlider();\n\n\t\t\t\/\/ slider controls\n\t\t\tmasterslider_a33f.control('arrows'     ,{ autohide:true, overVideo:true  });\n\t\t\tmasterslider_a33f.control('bullets'    ,{ autohide:true, overVideo:true, dir:'h', align:'bottom', space:6 , margin:10  });\n\t\t\t\/\/ slider setup\n\t\t\tmasterslider_a33f.setup(\"MS69fc6982ba33f\", {\n\t\t\t\twidth           : 1329,\n\t\t\t\theight          : 565,\n\t\t\t\tminHeight       : 0,\n\t\t\t\tspace           : 0,\n\t\t\t\tstart           : 1,\n\t\t\t\tgrabCursor      : true,\n\t\t\t\tswipe           : true,\n\t\t\t\tmouse           : true,\n\t\t\t\tkeyboard        : false,\n\t\t\t\tlayout          : \"boxed\",\n\t\t\t\twheel           : false,\n\t\t\t\tautoplay        : true,\n                instantStartLayers:false,\n\t\t\t\tmobileBGVideo:false,\n\t\t\t\tloop            : true,\n\t\t\t\tshuffle         : false,\n\t\t\t\tpreload         : 0,\n\t\t\t\theightLimit     : true,\n\t\t\t\tautoHeight      : true,\n\t\t\t\tsmoothHeight    : true,\n\t\t\t\tendPause        : false,\n\t\t\t\toverPause       : true,\n\t\t\t\tfillMode        : \"fill\",\n\t\t\t\tcenterControls  : true,\n\t\t\t\tstartOnAppear   : false,\n\t\t\t\tlayersMode      : \"center\",\n\t\t\t\tautofillTarget  : \"\",\n\t\t\t\thideLayers      : false,\n\t\t\t\tfullscreenMargin: 0,\n\t\t\t\tspeed           : 20,\n\t\t\t\tdir             : \"h\",\n\t\t\t\tparallaxMode    : 'swipe',\n\t\t\t\tview            : \"basic\"\n\t\t\t});\n\n\t\t\t\n\t\t\t$(\"head\").append( \"<link rel='stylesheet' id='ms-fonts'  href='\/\/fonts.googleapis.com\/css?family=Raleway:regular' type='text\/css' media='all' \/>\" );\n\n\t\t\twindow.masterslider_instances = window.masterslider_instances || [];\n\t\t\twindow.masterslider_instances.push( masterslider_a33f );\n\t\t});\n\t\t<\/script>\n\n<\/div>[\/vc_column_text][\/vc_column][\/vc_row][vc_row king_id=&#8221;descopera&#8221;][vc_column][vc_empty_space height=&#8221;100px&#8221;][\/vc_column][\/vc_row][vc_row][vc_column width=&#8221;1\/3&#8243;][vc_column_text]<\/p>\n<h1 class=\"mt20\">Smart<br \/>\nManagement<br \/>\nInvest<\/h1>\n<p>[\/vc_column_text][\/vc_column][vc_column width=&#8221;2\/3&#8243;][vc_column_text]<span style=\"font-weight: 400;\">Smart Management Invest este compania rom\u00e2neasc\u0103 de \u00eencredere care ofer\u0103 servicii de alimentare cu carburant pentru toate categoriile de clien\u021bi din \u021bar\u0103. De la sta\u021bii de alimentare cu carburant, at\u00e2t pentru flote de transport, c\u00e2t \u0219i pentru clien\u021bi priva\u021bi, \u0219i p\u00e2n\u0103 la carburant vrac cu cisterne proprii pentru clien\u021bii care nu au tot timpul posibilitatea de a alimenta din sta\u021bii.<\/span><\/p>\n<p><span style=\"font-weight: 400;\">Mai mult, Smart Management Invest pune la dispozi\u021bia \u0219oferilor o parcare securizat\u0103 pentru \u0219oferii de camioane.<\/span><\/p>\n<p><b>Experien\u021ba extensiv\u0103 \u00een domeniul carburan\u021bilor \u0219i istoricul de servicii complete \u00een aceast\u0103 industrie ne fac s\u0103 fim alegerea potrivit\u0103 \u0219i pentru tine.<\/b>[\/vc_column_text][\/vc_column][\/vc_row][vc_row king_id=&#8221;servicii&#8221;][vc_column][vc_empty_space height=&#8221;100px&#8221;][\/vc_column][\/vc_row][vc_row][vc_column width=&#8221;1\/3&#8243;][vc_column_text]<\/p>\n<h1><strong>Servicii<\/strong><\/h1>\n<p>[\/vc_column_text][\/vc_column][vc_column width=&#8221;2\/3&#8243;][\/vc_column][\/vc_row][vc_row king_class_container=&#8221;container_full servicii&#8221;][vc_column width=&#8221;1\/5&#8243;][vc_single_image image=&#8221;3824&#8243; img_size=&#8221;full&#8221; alignment=&#8221;center&#8221; onclick=&#8221;custom_link&#8221; link=&#8221;https:\/\/dieselplus.ro\/carburant-vrac\/&#8221;][vc_column_text]<\/p>\n<p style=\"text-align: center;\"><a href=\"https:\/\/dieselplus.ro\/carburant-vrac\/\">Carburant vrac cu<br \/>\n<strong>cisterne proprii<\/strong><\/a>[\/vc_column_text][\/vc_column][vc_column width=&#8221;1\/5&#8243;][vc_single_image image=&#8221;3825&#8243; img_size=&#8221;full&#8221; alignment=&#8221;center&#8221; onclick=&#8221;custom_link&#8221; link=&#8221;https:\/\/dieselplus.ro\/carburant-vrac\/#rezervoare-mobile&#8221;][vc_column_text]<\/p>\n<p style=\"text-align: center;\"><a href=\"https:\/\/dieselplus.ro\/carburant-vrac\/#rezervoare-mobile\">Rezervoare<br \/>\n<strong>mobile<\/strong><\/a>[\/vc_column_text][\/vc_column][vc_column width=&#8221;1\/5&#8243;][vc_single_image image=&#8221;3826&#8243; img_size=&#8221;full&#8221; alignment=&#8221;center&#8221; onclick=&#8221;custom_link&#8221; link=&#8221;https:\/\/dieselplus.ro\/retea-sd\/#search_location&#8221;][vc_column_text]<\/p>\n<p style=\"text-align: center;\"><a href=\"https:\/\/dieselplus.ro\/retea-sd\/#search_location\">Re\u021bea de<br \/>\n<strong>sta\u021bii <\/strong><\/a>[\/vc_column_text][\/vc_column][vc_column width=&#8221;1\/5&#8243;][vc_single_image image=&#8221;3827&#8243; img_size=&#8221;full&#8221; alignment=&#8221;center&#8221; onclick=&#8221;custom_link&#8221; link=&#8221;https:\/\/dieselplus.ro\/retail\/&#8221;][vc_column_text]<\/p>\n<p style=\"text-align: center;\"><a href=\"https:\/\/dieselplus.ro\/retail\/\">Re\u021bea na\u021bional\u0103 de<br \/>\n<strong>sta\u021bii retail Smart+<\/strong><\/a>[\/vc_column_text][\/vc_column][vc_column width=&#8221;1\/5&#8243;][vc_single_image image=&#8221;3828&#8243; img_size=&#8221;full&#8221; alignment=&#8221;center&#8221; onclick=&#8221;custom_link&#8221; link=&#8221;https:\/\/dieselplus.ro\/parcare\/&#8221;][vc_column_text]<\/p>\n<p style=\"text-align: center;\"><a href=\"https:\/\/dieselplus.ro\/parcare\/\">Parcare<br \/>\n<strong>securizat\u0103<\/strong><\/a>[\/vc_column_text][\/vc_column][\/vc_row][vc_row][vc_column][vc_empty_space height=&#8221;100px&#8221;][\/vc_column][\/vc_row][vc_row king_row_type=&#8221;container_full&#8221;][vc_column][vc_single_image image=&#8221;3848&#8243; img_size=&#8221;full&#8221; el_class=&#8221;home_arrow&#8221;][vc_row_inner king_class=&#8221;container_full&#8221;][vc_column_inner width=&#8221;1\/3&#8243;][vc_single_image image=&#8221;4197&#8243; img_size=&#8221;full&#8221; el_class=&#8221;home_phone&#8221;][\/vc_column_inner][vc_column_inner el_class=&#8221;pos_rel&#8221; width=&#8221;1\/3&#8243;][vc_column_text]<\/p>\n<h1><strong>Logheaz\u0103-te \u00een<br \/>\naplica\u021bia Diesel Plus<\/strong><\/h1>\n<p><a class=\"button_round button_arrow\" href=\"https:\/\/clients.dieselplus.ro\/Logon.aspx\">LOG IN<\/a>[\/vc_column_text][vc_empty_space height=&#8221;50px&#8221;][vc_single_image image=&#8221;3837&#8243; img_size=&#8221;full&#8221; onclick=&#8221;custom_link&#8221; img_link_target=&#8221;_blank&#8221; el_class=&#8221;float_left&#8221; link=&#8221;https:\/\/apps.apple.com\/us\/app\/diesel-plus-management\/id1557450297&#8243;][vc_single_image image=&#8221;3838&#8243; img_size=&#8221;full&#8221; onclick=&#8221;custom_link&#8221; img_link_target=&#8221;_blank&#8221; el_class=&#8221;float_left&#8221; link=&#8221;https:\/\/play.google.com\/store\/apps\/details?id=ro.dieselplus.management&#8221;][\/vc_column_inner][vc_column_inner el_class=&#8221;contact_section&#8221; width=&#8221;1\/3&#8243;][vc_column_text]<\/p>\n<h2><strong>Contacteaz\u0103-ne<\/strong><\/h2>\n<p>[\/vc_column_text]\n<div class=\"wpcf7 no-js\" id=\"wpcf7-f3836-o1\" lang=\"ro-RO\" dir=\"ltr\" data-wpcf7-id=\"3836\">\n<div class=\"screen-reader-response\"><p role=\"status\" aria-live=\"polite\" aria-atomic=\"true\"><\/p> <ul><\/ul><\/div>\n<form action=\"\/en\/wp-json\/wp\/v2\/pages\/4036#wpcf7-f3836-o1\" method=\"post\" class=\"wpcf7-form init wpcf7-acceptance-as-validation\" aria-label=\"Formular de contact\" novalidate=\"novalidate\" data-status=\"init\">\n<div style=\"display: none;\">\n<input type=\"hidden\" name=\"_wpcf7\" value=\"3836\" \/>\n<input type=\"hidden\" name=\"_wpcf7_version\" value=\"6.0.6\" \/>\n<input type=\"hidden\" name=\"_wpcf7_locale\" value=\"ro_RO\" \/>\n<input type=\"hidden\" name=\"_wpcf7_unit_tag\" value=\"wpcf7-f3836-o1\" \/>\n<input type=\"hidden\" name=\"_wpcf7_container_post\" value=\"0\" \/>\n<input type=\"hidden\" name=\"_wpcf7_posted_data_hash\" value=\"\" \/>\n<\/div>\n<p><span class=\"wpcf7-form-control-wrap\" data-name=\"nume\"><input size=\"40\" maxlength=\"400\" class=\"wpcf7-form-control wpcf7-text wpcf7-validates-as-required\" aria-required=\"true\" aria-invalid=\"false\" placeholder=\"Nume\" value=\"\" type=\"text\" name=\"nume\" \/><\/span><br \/>\n<span class=\"wpcf7-form-control-wrap\" data-name=\"prenume\"><input size=\"40\" maxlength=\"400\" class=\"wpcf7-form-control wpcf7-text wpcf7-validates-as-required\" aria-required=\"true\" aria-invalid=\"false\" placeholder=\"Prenume\" value=\"\" type=\"text\" name=\"prenume\" \/><\/span><br \/>\n<span class=\"wpcf7-form-control-wrap\" data-name=\"telefon\"><input size=\"40\" maxlength=\"400\" class=\"wpcf7-form-control wpcf7-text wpcf7-validates-as-required\" aria-required=\"true\" aria-invalid=\"false\" placeholder=\"Telefon\" value=\"\" type=\"text\" name=\"telefon\" \/><\/span><br \/>\n<span class=\"wpcf7-form-control-wrap\" data-name=\"email\"><input size=\"40\" maxlength=\"400\" class=\"wpcf7-form-control wpcf7-email wpcf7-validates-as-required wpcf7-text wpcf7-validates-as-email\" aria-required=\"true\" aria-invalid=\"false\" placeholder=\"Email\" value=\"\" type=\"email\" name=\"email\" \/><\/span><br \/>\n<span class=\"wpcf7-form-control-wrap\" data-name=\"mesaj\"><textarea cols=\"40\" rows=\"10\" maxlength=\"2000\" class=\"wpcf7-form-control wpcf7-textarea wpcf7-validates-as-required\" aria-required=\"true\" aria-invalid=\"false\" placeholder=\"Mesaj\" name=\"mesaj\"><\/textarea><\/span><br \/>\n<span class=\"wpcf7-form-control-wrap\" data-name=\"gdpr\"><span class=\"wpcf7-form-control wpcf7-acceptance\"><span class=\"wpcf7-list-item\"><label><input type=\"checkbox\" name=\"gdpr\" value=\"1\" aria-invalid=\"false\" \/><span class=\"wpcf7-list-item-label\">Sunt de acord cu prelucrarea datelor cu caracter personal conform <a href=\"https:\/\/dieselplus.ro\/SD-gdpr.pdf\" target=\"_blank\">GDPR<\/a>.<\/span><\/label><\/span><\/span><\/span>\n<\/p>\n<p><input class=\"wpcf7-form-control wpcf7-submit has-spinner\" type=\"submit\" value=\"Trimite\" \/>\n<\/p><div class=\"wpcf7-response-output\" aria-hidden=\"true\"><\/div>\n<\/form>\n<\/div>\n[\/vc_column_inner][\/vc_row_inner][\/vc_column][\/vc_row][vc_row][vc_column][vc_empty_space height=&#8221;100px&#8221;][\/vc_column][\/vc_row][vc_row][vc_column][vc_column_text]<\/p>\n<h1>Avantaje<\/h1>\n<p>[\/vc_column_text][vc_column_text]Cu o re\u021bea de sta\u021bii de alimentare cu carburant, Diesel Plus vine cu beneficii pentru transportatorii din Rom\u00e2nia.<\/p>\n<p><a class=\"button_round button_arrow\" href=\"https:\/\/dieselplus.ro\/avantaje\/\">Vezi toate avantajele<\/a>[\/vc_column_text][\/vc_column][\/vc_row][vc_row][vc_column][vc_empty_space height=&#8221;50px&#8221;][\/vc_column][\/vc_row][vc_row king_class=&#8221;avantaje&#8221;][vc_column width=&#8221;1\/3&#8243;][vc_single_image image=&#8221;3861&#8243; img_size=&#8221;full&#8221;][vc_column_text]<\/p>\n<h3>PRE\u021a COMPETITIV LA CARBURANT<\/h3>\n<p>Diesel Plus are probabil cel mai bun pre\u021b la carburant de pe pia\u021b\u0103.<br \/>\n<a class=\"red button_arrow\" href=\"https:\/\/dieselplus.ro\/avantaje\/\">Cite\u0219te mai mult<\/a>[\/vc_column_text][\/vc_column][vc_column width=&#8221;1\/3&#8243;][vc_single_image image=&#8221;3872&#8243; img_size=&#8221;full&#8221;][vc_column_text]<\/p>\n<h3>CALITATE GARANTAT\u0102<\/h3>\n<p>Diesel Plus furnizeaz\u0103 doar motorin\u0103 de calitate controlat\u0103, de la cei mai mari produc\u0103tori.<br \/>\n<a class=\"red button_arrow\" href=\"https:\/\/dieselplus.ro\/avantaje\/\">Cite\u0219te mai mult<\/a>[\/vc_column_text][\/vc_column][vc_column width=&#8221;1\/3&#8243;][vc_single_image image=&#8221;3873&#8243; img_size=&#8221;full&#8221;][vc_column_text]<\/p>\n<h3>ORIUNDE \u0218I ORIC\u00c2ND<\/h3>\n<p>Prin cisternele proprii, Diesel Plus poate livra combustibil vrac \u00een condi\u021bii de maxim\u0103 flexibilitate.<br \/>\n<a class=\"red button_arrow\" href=\"https:\/\/dieselplus.ro\/avantaje\/\">Cite\u0219te mai mult<\/a>[\/vc_column_text][\/vc_column][\/vc_row][vc_row][vc_column][vc_empty_space height=&#8221;100px&#8221;][\/vc_column][\/vc_row]<\/p>\n","protected":false},"excerpt":{"rendered":"<p>[vc_row king_row_type=&#8221;container_full&#8221; king_id=&#8221;slider-wrap&#8221;][vc_column][vc_column_text][\/vc_column_text][\/vc_column][\/vc_row][vc_row king_id=&#8221;descopera&#8221;][vc_column][vc_empty_space height=&#8221;100px&#8221;][\/vc_column][\/vc_row][vc_row][vc_column width=&#8221;1\/3&#8243;][vc_column_text] Smart Management Invest [\/vc_column_text][\/vc_column][vc_column width=&#8221;2\/3&#8243;][vc_column_text]Smart Management Invest este compania rom\u00e2neasc\u0103 de \u00eencredere care ofer\u0103 servicii de alimentare cu carburant pentru toate categoriile de clien\u021bi din \u021bar\u0103. De la sta\u021bii de alimentare cu carburant, at\u00e2t pentru flote de transport, c\u00e2t \u0219i pentru clien\u021bi priva\u021bi, \u0219i p\u00e2n\u0103 la carburant vrac cu [&hellip;]<\/p>\n","protected":false},"author":1,"featured_media":0,"parent":0,"menu_order":0,"comment_status":"closed","ping_status":"open","template":"","meta":{"_acf_changed":false,"footnotes":""},"class_list":["post-4036","page","type-page","status-publish","hentry"],"acf":[],"yoast_head":"<!-- This site is optimized with the Yoast SEO plugin v27.2 - https:\/\/yoast.com\/product\/yoast-seo-wordpress\/ -->\n<title>Home - Smart Management Invest<\/title>\n<meta name=\"robots\" content=\"index, follow, max-snippet:-1, max-image-preview:large, max-video-preview:-1\" \/>\n<link rel=\"canonical\" href=\"https:\/\/www.dieselplus.ro\/en\/home-new-2-2\/\" \/>\n<meta property=\"og:locale\" content=\"en_US\" \/>\n<meta property=\"og:type\" content=\"article\" \/>\n<meta property=\"og:title\" content=\"Home - Smart Management Invest\" \/>\n<meta property=\"og:description\" content=\"[vc_row king_row_type=&#8221;container_full&#8221; king_id=&#8221;slider-wrap&#8221;][vc_column][vc_column_text][\/vc_column_text][\/vc_column][\/vc_row][vc_row king_id=&#8221;descopera&#8221;][vc_column][vc_empty_space height=&#8221;100px&#8221;][\/vc_column][\/vc_row][vc_row][vc_column width=&#8221;1\/3&#8243;][vc_column_text] Smart Management Invest [\/vc_column_text][\/vc_column][vc_column width=&#8221;2\/3&#8243;][vc_column_text]Smart Management Invest este compania rom\u00e2neasc\u0103 de \u00eencredere care ofer\u0103 servicii de alimentare cu carburant pentru toate categoriile de clien\u021bi din \u021bar\u0103. De la sta\u021bii de alimentare cu carburant, at\u00e2t pentru flote de transport, c\u00e2t \u0219i pentru clien\u021bi priva\u021bi, \u0219i p\u00e2n\u0103 la carburant vrac cu [&hellip;]\" \/>\n<meta property=\"og:url\" content=\"https:\/\/www.dieselplus.ro\/en\/home-new-2-2\/\" \/>\n<meta property=\"og:site_name\" content=\"Smart Management Invest\" \/>\n<meta property=\"article:modified_time\" content=\"2023-08-29T11:39:18+00:00\" \/>\n<meta name=\"twitter:card\" content=\"summary_large_image\" \/>\n<meta name=\"twitter:label1\" content=\"Est. reading time\" \/>\n\t<meta name=\"twitter:data1\" content=\"2 minutes\" \/>\n<script type=\"application\/ld+json\" class=\"yoast-schema-graph\">{\"@context\":\"https:\/\/schema.org\",\"@graph\":[{\"@type\":\"WebPage\",\"@id\":\"https:\/\/www.dieselplus.ro\/en\/home-new-2-2\/\",\"url\":\"https:\/\/www.dieselplus.ro\/en\/home-new-2-2\/\",\"name\":\"Home - Smart Management Invest\",\"isPartOf\":{\"@id\":\"https:\/\/www.dieselplus.ro\/#website\"},\"datePublished\":\"2021-03-22T13:42:38+00:00\",\"dateModified\":\"2023-08-29T11:39:18+00:00\",\"breadcrumb\":{\"@id\":\"https:\/\/www.dieselplus.ro\/en\/home-new-2-2\/#breadcrumb\"},\"inLanguage\":\"en-US\",\"potentialAction\":[{\"@type\":\"ReadAction\",\"target\":[\"https:\/\/www.dieselplus.ro\/en\/home-new-2-2\/\"]}]},{\"@type\":\"BreadcrumbList\",\"@id\":\"https:\/\/www.dieselplus.ro\/en\/home-new-2-2\/#breadcrumb\",\"itemListElement\":[{\"@type\":\"ListItem\",\"position\":1,\"name\":\"Acas\u0103\",\"item\":\"https:\/\/www.dieselplus.ro\/en\/home-new-2-2\/\"},{\"@type\":\"ListItem\",\"position\":2,\"name\":\"Home\"}]},{\"@type\":\"WebSite\",\"@id\":\"https:\/\/www.dieselplus.ro\/#website\",\"url\":\"https:\/\/www.dieselplus.ro\/\",\"name\":\"Smart Management Invest\",\"description\":\"Furnizor de produse petroliere\",\"publisher\":{\"@id\":\"https:\/\/www.dieselplus.ro\/#organization\"},\"potentialAction\":[{\"@type\":\"SearchAction\",\"target\":{\"@type\":\"EntryPoint\",\"urlTemplate\":\"https:\/\/www.dieselplus.ro\/?s={search_term_string}\"},\"query-input\":{\"@type\":\"PropertyValueSpecification\",\"valueRequired\":true,\"valueName\":\"search_term_string\"}}],\"inLanguage\":\"en-US\"},{\"@type\":\"Organization\",\"@id\":\"https:\/\/www.dieselplus.ro\/#organization\",\"name\":\"Smart Diesel\",\"url\":\"https:\/\/www.dieselplus.ro\/\",\"logo\":{\"@type\":\"ImageObject\",\"inLanguage\":\"en-US\",\"@id\":\"https:\/\/www.dieselplus.ro\/#\/schema\/logo\/image\/\",\"url\":\"https:\/\/dieselplus.ro\/wp-content\/uploads\/2015\/09\/sd-logo.png\",\"contentUrl\":\"https:\/\/dieselplus.ro\/wp-content\/uploads\/2015\/09\/sd-logo.png\",\"width\":182,\"height\":103,\"caption\":\"Smart Diesel\"},\"image\":{\"@id\":\"https:\/\/www.dieselplus.ro\/#\/schema\/logo\/image\/\"}}]}<\/script>\n<!-- \/ Yoast SEO plugin. -->","yoast_head_json":{"title":"Home - Smart Management Invest","robots":{"index":"index","follow":"follow","max-snippet":"max-snippet:-1","max-image-preview":"max-image-preview:large","max-video-preview":"max-video-preview:-1"},"canonical":"https:\/\/www.dieselplus.ro\/en\/home-new-2-2\/","og_locale":"en_US","og_type":"article","og_title":"Home - Smart Management Invest","og_description":"[vc_row king_row_type=&#8221;container_full&#8221; king_id=&#8221;slider-wrap&#8221;][vc_column][vc_column_text][\/vc_column_text][\/vc_column][\/vc_row][vc_row king_id=&#8221;descopera&#8221;][vc_column][vc_empty_space height=&#8221;100px&#8221;][\/vc_column][\/vc_row][vc_row][vc_column width=&#8221;1\/3&#8243;][vc_column_text] Smart Management Invest [\/vc_column_text][\/vc_column][vc_column width=&#8221;2\/3&#8243;][vc_column_text]Smart Management Invest este compania rom\u00e2neasc\u0103 de \u00eencredere care ofer\u0103 servicii de alimentare cu carburant pentru toate categoriile de clien\u021bi din \u021bar\u0103. De la sta\u021bii de alimentare cu carburant, at\u00e2t pentru flote de transport, c\u00e2t \u0219i pentru clien\u021bi priva\u021bi, \u0219i p\u00e2n\u0103 la carburant vrac cu [&hellip;]","og_url":"https:\/\/www.dieselplus.ro\/en\/home-new-2-2\/","og_site_name":"Smart Management Invest","article_modified_time":"2023-08-29T11:39:18+00:00","twitter_card":"summary_large_image","twitter_misc":{"Est. reading time":"2 minutes"},"schema":{"@context":"https:\/\/schema.org","@graph":[{"@type":"WebPage","@id":"https:\/\/www.dieselplus.ro\/en\/home-new-2-2\/","url":"https:\/\/www.dieselplus.ro\/en\/home-new-2-2\/","name":"Home - Smart Management Invest","isPartOf":{"@id":"https:\/\/www.dieselplus.ro\/#website"},"datePublished":"2021-03-22T13:42:38+00:00","dateModified":"2023-08-29T11:39:18+00:00","breadcrumb":{"@id":"https:\/\/www.dieselplus.ro\/en\/home-new-2-2\/#breadcrumb"},"inLanguage":"en-US","potentialAction":[{"@type":"ReadAction","target":["https:\/\/www.dieselplus.ro\/en\/home-new-2-2\/"]}]},{"@type":"BreadcrumbList","@id":"https:\/\/www.dieselplus.ro\/en\/home-new-2-2\/#breadcrumb","itemListElement":[{"@type":"ListItem","position":1,"name":"Acas\u0103","item":"https:\/\/www.dieselplus.ro\/en\/home-new-2-2\/"},{"@type":"ListItem","position":2,"name":"Home"}]},{"@type":"WebSite","@id":"https:\/\/www.dieselplus.ro\/#website","url":"https:\/\/www.dieselplus.ro\/","name":"Smart Management Invest","description":"Furnizor de produse petroliere","publisher":{"@id":"https:\/\/www.dieselplus.ro\/#organization"},"potentialAction":[{"@type":"SearchAction","target":{"@type":"EntryPoint","urlTemplate":"https:\/\/www.dieselplus.ro\/?s={search_term_string}"},"query-input":{"@type":"PropertyValueSpecification","valueRequired":true,"valueName":"search_term_string"}}],"inLanguage":"en-US"},{"@type":"Organization","@id":"https:\/\/www.dieselplus.ro\/#organization","name":"Smart Diesel","url":"https:\/\/www.dieselplus.ro\/","logo":{"@type":"ImageObject","inLanguage":"en-US","@id":"https:\/\/www.dieselplus.ro\/#\/schema\/logo\/image\/","url":"https:\/\/dieselplus.ro\/wp-content\/uploads\/2015\/09\/sd-logo.png","contentUrl":"https:\/\/dieselplus.ro\/wp-content\/uploads\/2015\/09\/sd-logo.png","width":182,"height":103,"caption":"Smart Diesel"},"image":{"@id":"https:\/\/www.dieselplus.ro\/#\/schema\/logo\/image\/"}}]}},"_links":{"self":[{"href":"https:\/\/www.dieselplus.ro\/en\/wp-json\/wp\/v2\/pages\/4036","targetHints":{"allow":["GET"]}}],"collection":[{"href":"https:\/\/www.dieselplus.ro\/en\/wp-json\/wp\/v2\/pages"}],"about":[{"href":"https:\/\/www.dieselplus.ro\/en\/wp-json\/wp\/v2\/types\/page"}],"author":[{"embeddable":true,"href":"https:\/\/www.dieselplus.ro\/en\/wp-json\/wp\/v2\/users\/1"}],"replies":[{"embeddable":true,"href":"https:\/\/www.dieselplus.ro\/en\/wp-json\/wp\/v2\/comments?post=4036"}],"version-history":[{"count":28,"href":"https:\/\/www.dieselplus.ro\/en\/wp-json\/wp\/v2\/pages\/4036\/revisions"}],"predecessor-version":[{"id":4321,"href":"https:\/\/www.dieselplus.ro\/en\/wp-json\/wp\/v2\/pages\/4036\/revisions\/4321"}],"wp:attachment":[{"href":"https:\/\/www.dieselplus.ro\/en\/wp-json\/wp\/v2\/media?parent=4036"}],"curies":[{"name":"wp","href":"https:\/\/api.w.org\/{rel}","templated":true}]}}